{"id":205,"date":"2026-03-25T19:26:28","date_gmt":"2026-03-25T19:26:28","guid":{"rendered":"https:\/\/venerated-verreault-4t.zipwp.xyz\/home-2\/"},"modified":"2026-03-26T15:10:12","modified_gmt":"2026-03-26T15:10:12","slug":"home-2","status":"publish","type":"page","link":"https:\/\/www.gst-ci.net\/","title":{"rendered":"Home"},"content":{"rendered":"\n<div class=\"wp-block-uagb-container uagb-layout-grid uagb-block-52a5e7a5 alignfull uagb-is-root-container\"><div class=\"uagb-container-inner-blocks-wrap\">\n<div class=\"wp-block-uagb-info-box uagb-block-0c3037de uagb-infobox__content-wrap  uagb-infobox-icon-above-title uagb-infobox-image-valign-top\"><div class=\"uagb-ifb-content\"><div class=\"uagb-ifb-title-wrap\"><div class=\"uagb-ifb-separator\"><\/div><h1 class=\"uagb-ifb-title\">Expertise en Gaz, Froid et \u00c9lectricit\u00e9<\/h1><\/div><div class=\"uagb-ifb-button-wrapper wp-block-button\"><a href=\"contact\/\" class=\"uagb-infobox-cta-link wp-block-button__link\" target=\"_self\" rel=\"noopener noreferrer\" onclick=\"return true;\"><span class=\"uagb-inline-editing\">Nous Contacter<\/span><\/a><\/div><\/div><\/div>\n\n\n\n<div class=\"wp-block-uagb-advanced-heading uagb-block-0a094371\"><div class=\"uagb-heading-text\">Votre partenaire de choix pour tous vos besoins techniques<\/div><p class=\"uagb-desc-text\">Gaz Services Techniques Sarl, leader en gestion de r\u00e9seau gaz, offre des solutions innovantes en froid et \u00e9lectricit\u00e9 pour industries et m\u00e9nages. Nous mettons notre expertise \u00e0 votre service.<\/p><\/div>\n<\/div><\/div>\n\n\n\n<div class=\"wp-block-uagb-container uagb-block-6d4e3205 alignfull uagb-is-root-container\"><div class=\"uagb-container-inner-blocks-wrap\">\n<div class=\"wp-block-uagb-image uagb-block-41997195 wp-block-uagb-image--layout-default wp-block-uagb-image--effect-static wp-block-uagb-image--align-none uag-blocks-common-selector\" style=\"--z-index-desktop:1;;--z-index-tablet:undefined;;--z-index-mobile:undefined;\"><figure class=\"wp-block-uagb-image__figure\"><img decoding=\"async\" srcset=\"https:\/\/www.gst-ci.net\/wp-content\/uploads\/2026\/03\/pexels-photo-266896.jpeg ,https:\/\/www.gst-ci.net\/wp-content\/uploads\/2026\/03\/pexels-photo-266896.jpeg 780w, https:\/\/www.gst-ci.net\/wp-content\/uploads\/2026\/03\/pexels-photo-266896.jpeg 360w\" sizes=\"auto, (max-width: 480px) 150px\" src=\"https:\/\/www.gst-ci.net\/wp-content\/uploads\/2026\/03\/pexels-photo-266896.jpeg\" alt=\"A detailed view of a blue flame on a gas stove, illustrating heat and warmth.\" class=\"uag-image-7\" width=\"1200\" height=\"500\" title=\"home-hero\" loading=\"lazy\" role=\"img\"\/><\/figure><\/div>\n\n\n\n<div class=\"wp-block-uagb-advanced-heading uagb-block-c1430afc\"><div class=\"uagb-heading-text\">\u00c0 Propos<\/div><div class=\"uagb-separator\"><\/div><\/div>\n\n\n\n<div class=\"wp-block-uagb-container uagb-layout-grid uagb-block-872fa012\">\n<div class=\"wp-block-uagb-advanced-heading uagb-block-76d9be4a\"><h2 class=\"uagb-heading-text\">D\u00e9couvrez l&rsquo;histoire de Gaz Services Techniques Sarl<\/h2><\/div>\n\n\n\n<div class=\"wp-block-uagb-container uagb-layout-flex uagb-block-9f20c438\">\n<div class=\"wp-block-uagb-advanced-heading uagb-block-6c26d2ee\"><h3 class=\"uagb-heading-text\">Une soci\u00e9t\u00e9 innovante fond\u00e9e pour servir la C\u00f4te d\u2019Ivoire et au-del\u00e0<\/h3><\/div>\n\n\n\n<div class=\"wp-block-uagb-image uagb-block-3a4acf19 wp-block-uagb-image--layout-default wp-block-uagb-image--effect-static wp-block-uagb-image--align-none\"><figure class=\"wp-block-uagb-image__figure\"><img decoding=\"async\" srcset=\"https:\/\/www.gst-ci.net\/wp-content\/uploads\/2026\/03\/asaf-3-300x132-2.jpg ,https:\/\/www.gst-ci.net\/wp-content\/uploads\/2026\/03\/asaf-3-300x132-2.jpg 780w, https:\/\/www.gst-ci.net\/wp-content\/uploads\/2026\/03\/asaf-3-300x132-2.jpg 360w\" sizes=\"auto, (max-width: 480px) 150px\" src=\"https:\/\/www.gst-ci.net\/wp-content\/uploads\/2026\/03\/asaf-3-300x132-2.jpg\" alt=\"asaf 3 300x132\" class=\"uag-image-264\" width=\"650\" height=\"400\" title=\"asaf 3 300x132\" loading=\"lazy\" role=\"img\"\/><\/figure><\/div>\n\n\n\n<div class=\"wp-block-uagb-info-box uagb-block-b216a928 uagb-infobox__content-wrap  uagb-infobox-icon-above-title uagb-infobox-image-valign-top wp-block-uagb-info-box--has-margin\"><div class=\"uagb-infobox-margin-wrapper\"><div class=\"uagb-ifb-content\"><div class=\"uagb-ifb-title-wrap\"><\/div><p class=\"uagb-ifb-desc\">En tant que leader dans le secteur, GST a fourni des installations fiables et s\u00e9curis\u00e9es, garantissant satisfaction et tranquillit\u00e9 d&rsquo;esprit \u00e0 nos clients depuis 2018.<\/p><div class=\"uagb-ifb-button-wrapper wp-block-button\"><a href=\"about\/\" class=\"uagb-infobox-cta-link ast-outline-button\" target=\"_self\" rel=\"noopener noreferrer\" style=\"border-width:revert-layer\" onclick=\"return true;\"><span class=\"uagb-inline-editing\">En savoir plus<\/span><\/a><\/div><\/div><\/div><\/div>\n<\/div>\n<\/div>\n\n\n\n<div class=\"wp-block-uagb-advanced-heading uagb-block-257301db\"><p class=\"uagb-heading-text\">Nos Projets<\/p><div class=\"uagb-separator\"><\/div><\/div>\n\n\n\n<div class=\"wp-block-uagb-container uagb-layout-flex uagb-block-d836a3f7\">\n<div class=\"wp-block-uagb-info-box uagb-block-5fb96413 uagb-infobox__content-wrap  uagb-infobox-icon-above-title uagb-infobox-image-valign-top wp-block-uagb-info-box--has-margin\"><div class=\"uagb-infobox-margin-wrapper\"><div class=\"uagb-ifb-content\"><div class=\"uagb-ifb-title-wrap\"><h3 class=\"uagb-ifb-title-prefix\">10+<\/h3><h4 class=\"uagb-ifb-title\">Ann\u00e9es d&rsquo;exp\u00e9rience<\/h4><\/div><p class=\"uagb-ifb-desc\">Boss une section que je peux argument\u00e9<\/p><\/div><\/div><\/div>\n\n\n\n<div class=\"wp-block-uagb-info-box uagb-block-81a43f00 uagb-infobox__content-wrap  uagb-infobox-icon-above-title uagb-infobox-image-valign-top wp-block-uagb-info-box--has-margin\"><div class=\"uagb-infobox-margin-wrapper\"><div class=\"uagb-ifb-content\"><div class=\"uagb-ifb-title-wrap\"><h3 class=\"uagb-ifb-title-prefix\">40+<\/h3><h4 class=\"uagb-ifb-title\">Membres de l&rsquo;\u00e9quipe<\/h4><\/div><p class=\"uagb-ifb-desc\">Boss est une section flexible o\u00f9 nous pouvons partager tout ce que nous voulons.<\/p><\/div><\/div><\/div>\n\n\n\n<div class=\"wp-block-uagb-info-box uagb-block-7808e759 uagb-infobox__content-wrap  uagb-infobox-icon-above-title uagb-infobox-image-valign-top wp-block-uagb-info-box--has-margin\"><div class=\"uagb-infobox-margin-wrapper\"><div class=\"uagb-ifb-content\"><div class=\"uagb-ifb-title-wrap\"><h3 class=\"uagb-ifb-title-prefix\">98%<\/h3><h4 class=\"uagb-ifb-title\">Client satisfait<\/h4><\/div><p class=\"uagb-ifb-desc\">Ceci est une section flexible o\u00f9 vous pouvez partager tout ce que vous voulez.<\/p><\/div><\/div><\/div>\n\n\n\n<div class=\"wp-block-uagb-info-box uagb-block-08175930 uagb-infobox__content-wrap  uagb-infobox-icon-above-title uagb-infobox-image-valign-top wp-block-uagb-info-box--has-margin\"><div class=\"uagb-infobox-margin-wrapper\"><div class=\"uagb-ifb-content\"><div class=\"uagb-ifb-title-wrap\"><h3 class=\"uagb-ifb-title-prefix\">05+<\/h3><h4 class=\"uagb-ifb-title\">R\u00e9compenses gagnantes<\/h4><\/div><p class=\"uagb-ifb-desc\">Ceci est une section flexible o\u00f9 vous pouvez partager tout ce que vous voulez.<\/p><\/div><\/div><\/div>\n<\/div>\n<\/div><\/div>\n\n\n\n<div class=\"wp-block-uagb-container uagb-block-08bdc66b alignfull uagb-is-root-container\"><div class=\"uagb-container-inner-blocks-wrap\">\n<div class=\"wp-block-uagb-advanced-heading uagb-block-8a25e220\"><p class=\"uagb-heading-text\">Services<\/p><div class=\"uagb-separator\"><\/div><\/div>\n\n\n\n<div class=\"wp-block-uagb-container uagb-layout-grid uagb-block-5c68a50a\">\n<figure class=\"wp-block-image size-full\"><img loading=\"lazy\" decoding=\"async\" width=\"1000\" height=\"750\" src=\"https:\/\/www.gst-ci.net\/wp-content\/uploads\/2026\/03\/WhatsApp-Image-2021-11-02-at-05.29.42-1.jpeg\" alt=\"whatsapp image 2021 11 02 at 05.29.42 1\" class=\"wp-image-258\" title=\"Home\" srcset=\"https:\/\/www.gst-ci.net\/wp-content\/uploads\/2026\/03\/WhatsApp-Image-2021-11-02-at-05.29.42-1.jpeg 1000w, https:\/\/www.gst-ci.net\/wp-content\/uploads\/2026\/03\/WhatsApp-Image-2021-11-02-at-05.29.42-1-300x225.jpeg 300w, https:\/\/www.gst-ci.net\/wp-content\/uploads\/2026\/03\/WhatsApp-Image-2021-11-02-at-05.29.42-1-768x576.jpeg 768w\" sizes=\"auto, (max-width: 1000px) 100vw, 1000px\" \/><\/figure>\n\n\n\n<div class=\"wp-block-uagb-container uagb-block-778f7e32\">\n<div class=\"wp-block-uagb-info-box uagb-block-f0b253e0 uagb-infobox__content-wrap  uagb-infobox-icon-above-title uagb-infobox-image-valign-top\"><div class=\"uagb-ifb-content\"><div class=\"uagb-ifb-title-wrap\"><span class=\"uagb-ifb-title-prefix\">01.<\/span><div class=\"uagb-ifb-separator\"><\/div><h3 class=\"uagb-ifb-title\">Gaz Industriel<\/h3><\/div><p class=\"uagb-ifb-desc\">Expertise dans les installations et la gestion des r\u00e9seaux de gaz industriels.<\/p><div class=\"uagb-ifb-button-wrapper wp-block-button\"><a href=\"services\/\" target=\"_self\" onclick=\"return true;\" class=\"uagb-infobox-cta-link\" rel=\"noopener noreferrer\"><span class=\"uagb-inline-editing\">En savoir plus<\/span><\/a><\/div><\/div><\/div>\n\n\n\n<div class=\"wp-block-uagb-info-box uagb-block-f9ac84ae uagb-infobox__content-wrap  uagb-infobox-icon-above-title uagb-infobox-image-valign-top\"><div class=\"uagb-ifb-content\"><div class=\"uagb-ifb-title-wrap\"><span class=\"uagb-ifb-title-prefix\">02.<\/span><div class=\"uagb-ifb-separator\"><\/div><h3 class=\"uagb-ifb-title\">Gaz Domestique<\/h3><\/div><p class=\"uagb-ifb-desc\">Gestion s\u00e9curis\u00e9e des r\u00e9seaux de gaz \u00e0 domicile pour un confort optimal.<\/p><div class=\"uagb-ifb-button-wrapper wp-block-button\"><a href=\"services\/\" target=\"_self\" onclick=\"return true;\" class=\"uagb-infobox-cta-link\" rel=\"noopener noreferrer\"><span class=\"uagb-inline-editing\">En savoir plus<\/span><\/a><\/div><\/div><\/div>\n<\/div>\n<\/div>\n\n\n\n<div class=\"wp-block-uagb-container uagb-layout-grid uagb-block-6d729892\">\n<div class=\"wp-block-uagb-container uagb-block-44fb29ae\">\n<div class=\"wp-block-uagb-info-box uagb-block-6a4682cb uagb-infobox__content-wrap  uagb-infobox-icon-above-title uagb-infobox-image-valign-top\"><div class=\"uagb-ifb-content\"><div class=\"uagb-ifb-title-wrap\"><span class=\"uagb-ifb-title-prefix\">03.<\/span><div class=\"uagb-ifb-separator\"><\/div><h3 class=\"uagb-ifb-title\">Froid&amp; \u00c9lectricit\u00e9<\/h3><\/div><p class=\"uagb-ifb-desc\">Solutions compl\u00e8tes en froid et \u00e9lectricit\u00e9 pour les professionnels.<\/p><div class=\"uagb-ifb-button-wrapper wp-block-button\"><a href=\"services\/\" target=\"_self\" onclick=\"return true;\" class=\"uagb-infobox-cta-link\" rel=\"noopener noreferrer\"><span class=\"uagb-inline-editing\">En savoir plus<\/span><\/a><\/div><\/div><\/div>\n<\/div>\n\n\n\n<div class=\"wp-block-uagb-image uagb-block-107767f8 wp-block-uagb-image--layout-default wp-block-uagb-image--effect-static wp-block-uagb-image--align-none\"><figure class=\"wp-block-uagb-image__figure\"><img decoding=\"async\" srcset=\"https:\/\/www.gst-ci.net\/wp-content\/uploads\/2026\/03\/WhatsApp-Image-2024-07-26-at-07.02.49-1.jpeg ,https:\/\/www.gst-ci.net\/wp-content\/uploads\/2026\/03\/WhatsApp-Image-2024-07-26-at-07.02.49-1.jpeg 780w, https:\/\/www.gst-ci.net\/wp-content\/uploads\/2026\/03\/WhatsApp-Image-2024-07-26-at-07.02.49-1.jpeg 360w\" sizes=\"auto, (max-width: 480px) 150px\" src=\"https:\/\/www.gst-ci.net\/wp-content\/uploads\/2026\/03\/WhatsApp-Image-2024-07-26-at-07.02.49-1.jpeg\" alt=\"whatsapp image 2024 07 26 at 07.02.49 1\" class=\"uag-image-259\" width=\"750\" height=\"410\" title=\"whatsapp image 2024 07 26 at 07.02.49 1\" loading=\"lazy\" role=\"img\"\/><\/figure><\/div>\n<\/div>\n<\/div><\/div>\n\n\n\n<div class=\"wp-block-uagb-container uagb-block-65effa8e alignfull uagb-is-root-container\"><div class=\"uagb-container-inner-blocks-wrap\">\n<div class=\"wp-block-uagb-info-box uagb-block-091c583e uagb-infobox__content-wrap  uagb-infobox-icon-above-title uagb-infobox-image-valign-top\"><div class=\"uagb-ifb-content\"><div class=\"uagb-ifb-title-wrap\"><h2 class=\"uagb-ifb-title\">R\u00e9volutionnez votre exp\u00e9rience \u00e9nerg\u00e9tique d\u00e8s aujourd&rsquo;hui<\/h2><\/div><p class=\"uagb-ifb-desc\">Choisissez GST pour des solutions fiables et efficaces.<\/p><div class=\"uagb-ifb-button-wrapper wp-block-button\"><a href=\"contact\/\" class=\"uagb-infobox-cta-link wp-block-button__link\" target=\"_self\" rel=\"noopener noreferrer\" onclick=\"return true;\"><span class=\"uagb-inline-editing\">Nous Contacter<\/span><\/a><\/div><\/div><\/div>\n<\/div><\/div>\n\n\n\n<div class=\"wp-block-uagb-container uagb-block-83548667 alignfull uagb-is-root-container\"><div class=\"uagb-container-inner-blocks-wrap\">\n<div class=\"wp-block-uagb-advanced-heading uagb-block-e0cb5439\"><p class=\"uagb-heading-text\">Notre Valeur Ajout\u00e9e<\/p><div class=\"uagb-separator\"><\/div><\/div>\n\n\n\n<div class=\"wp-block-uagb-advanced-heading uagb-block-8206bff7\"><h2 class=\"uagb-heading-text\">Des solutions techniques sur mesure pour vos besoins sp\u00e9cifiques<\/h2><\/div>\n\n\n\n<div class=\"wp-block-uagb-container uagb-layout-grid uagb-block-ac52fa34\">\n<div class=\"wp-block-uagb-image uagb-block-b9c7f8af wp-block-uagb-image--layout-default wp-block-uagb-image--effect-static wp-block-uagb-image--align-none\"><figure class=\"wp-block-uagb-image__figure\"><img decoding=\"async\" srcset=\"https:\/\/www.gst-ci.net\/wp-content\/uploads\/2026\/03\/WhatsApp-Image-2021-07-21-at-08.37.55.jpeg ,https:\/\/www.gst-ci.net\/wp-content\/uploads\/2026\/03\/WhatsApp-Image-2021-07-21-at-08.37.55.jpeg 780w, https:\/\/www.gst-ci.net\/wp-content\/uploads\/2026\/03\/WhatsApp-Image-2021-07-21-at-08.37.55.jpeg 360w\" sizes=\"auto, (max-width: 480px) 150px\" src=\"https:\/\/www.gst-ci.net\/wp-content\/uploads\/2026\/03\/WhatsApp-Image-2021-07-21-at-08.37.55.jpeg\" alt=\"whatsapp image 2021 07 21 at 08.37.55\" class=\"uag-image-260\" width=\"700\" height=\"470\" title=\"whatsapp image 2021 07 21 at 08.37.55\" loading=\"lazy\" role=\"img\"\/><\/figure><\/div>\n\n\n\n<div class=\"wp-block-uagb-container uagb-block-45ff912f\">\n<div class=\"wp-block-uagb-container uagb-layout-grid uagb-block-8e62ac0a\">\n<div class=\"wp-block-uagb-advanced-heading uagb-block-b8e76fe9\"><h2 class=\"uagb-heading-text\">01<\/h2><\/div>\n\n\n\n<div class=\"wp-block-uagb-advanced-heading uagb-block-45c96698\"><h3 class=\"uagb-heading-text\">Expertise Reconnu<\/h3><p class=\"uagb-desc-text\">Nous sommes reconnus pour notre expertise et notre adaptabilit\u00e9 dans le secteur des nouvelles technologies.<\/p><\/div>\n<\/div>\n\n\n\n<div class=\"wp-block-uagb-container uagb-layout-grid uagb-block-817552aa\">\n<div class=\"wp-block-uagb-advanced-heading uagb-block-90bf524c\"><h2 class=\"uagb-heading-text\">02<\/h2><\/div>\n\n\n\n<div class=\"wp-block-uagb-advanced-heading uagb-block-d813235b\"><h3 class=\"uagb-heading-text\">Solutions Innovantes<\/h3><p class=\"uagb-desc-text\">Nos solutions sont \u00e0 la pointe de l\u2019innovation pour garantir votre satisfaction et votre s\u00e9curit\u00e9.<\/p><\/div>\n<\/div>\n\n\n\n<div class=\"wp-block-uagb-container uagb-layout-grid uagb-block-78fbfab3\">\n<div class=\"wp-block-uagb-advanced-heading uagb-block-db61aa38\"><h2 class=\"uagb-heading-text\">03<\/h2><\/div>\n\n\n\n<div class=\"wp-block-uagb-advanced-heading uagb-block-37613d6c\"><h3 class=\"uagb-heading-text\">Partenariat Fiable<\/h3><p class=\"uagb-desc-text\">Nous construisons des partenariats solides, assurant une collaboration efficace et b\u00e9n\u00e9fique pour tous.<\/p><\/div>\n<\/div>\n<\/div>\n<\/div>\n<\/div><\/div>\n\n\n\n<div class=\"wp-block-uagb-container uagb-block-585a2e04 alignfull uagb-is-root-container\"><div class=\"uagb-container-inner-blocks-wrap\">\n<div class=\"wp-block-uagb-advanced-heading uagb-block-88971b21\"><p class=\"uagb-heading-text\">T\u00e9moignages<\/p><div class=\"uagb-separator\"><\/div><\/div>\n\n\n\n<div class=\"wp-block-uagb-container uagb-layout-grid uagb-block-ed920848\">\n<div class=\"wp-block-uagb-advanced-heading uagb-block-a7ca570d\"><h2 class=\"uagb-heading-text\">Ce que nos clients disent de nous<\/h2><\/div>\n\n\n\n<div class=\"wp-block-uagb-container uagb-block-5627342a\">\n<div class=\"wp-block-uagb-container uagb-layout-grid uagb-block-371000e3\">\n<div class=\"wp-block-uagb-image alignleft uagb-block-f27c3b15 wp-block-uagb-image--layout-default wp-block-uagb-image--effect-static wp-block-uagb-image--align-left\"><figure class=\"wp-block-uagb-image__figure\"><img decoding=\"async\" srcset=\"https:\/\/www.gst-ci.net\/wp-content\/uploads\/2026\/03\/asaf-0-300x225-1.jpg ,https:\/\/www.gst-ci.net\/wp-content\/uploads\/2026\/03\/asaf-0-300x225-1.jpg 780w, https:\/\/www.gst-ci.net\/wp-content\/uploads\/2026\/03\/asaf-0-300x225-1.jpg 360w\" sizes=\"auto, (max-width: 480px) 150px\" src=\"https:\/\/www.gst-ci.net\/wp-content\/uploads\/2026\/03\/asaf-0-300x225-1.jpg\" alt=\"asaf 0 300x225\" class=\"uag-image-261\" width=\"100\" height=\"100\" title=\"asaf 0 300x225\" loading=\"lazy\" role=\"img\"\/><\/figure><\/div>\n\n\n\n<div class=\"wp-block-uagb-advanced-heading uagb-block-cd070e4e\"><p class=\"uagb-heading-text\">Une entreprise exemplaire. Leur service client est in\u00e9gal\u00e9 et leur expertise est vraiment appr\u00e9ciable.<\/p><p class=\"uagb-desc-text\">Marc Dupont<\/p><\/div>\n<\/div>\n\n\n\n<div class=\"wp-block-uagb-container uagb-layout-grid uagb-block-eb5f4682\">\n<div class=\"wp-block-uagb-image alignleft uagb-block-3ab59835 wp-block-uagb-image--layout-default wp-block-uagb-image--effect-static wp-block-uagb-image--align-left\"><figure class=\"wp-block-uagb-image__figure\"><img decoding=\"async\" srcset=\"https:\/\/www.gst-ci.net\/wp-content\/uploads\/2026\/03\/WhatsApp-Image-2024-07-26-at-07.02.44-300x226-1.jpeg ,https:\/\/www.gst-ci.net\/wp-content\/uploads\/2026\/03\/WhatsApp-Image-2024-07-26-at-07.02.44-300x226-1.jpeg 780w, https:\/\/www.gst-ci.net\/wp-content\/uploads\/2026\/03\/WhatsApp-Image-2024-07-26-at-07.02.44-300x226-1.jpeg 360w\" sizes=\"auto, (max-width: 480px) 150px\" src=\"https:\/\/www.gst-ci.net\/wp-content\/uploads\/2026\/03\/WhatsApp-Image-2024-07-26-at-07.02.44-300x226-1.jpeg\" alt=\"whatsapp image 2024 07 26 at 07.02.44 300x226\" class=\"uag-image-262\" width=\"100\" height=\"100\" title=\"whatsapp image 2024 07 26 at 07.02.44 300x226\" loading=\"lazy\" role=\"img\"\/><\/figure><\/div>\n\n\n\n<div class=\"wp-block-uagb-advanced-heading uagb-block-245fb4a5\"><p class=\"uagb-heading-text\">Je recommande fortement GST. Ils ont fait un excellent travail pour notre installation de gaz.<\/p><p class=\"uagb-desc-text\">Sophie Martin<\/p><\/div>\n<\/div>\n\n\n\n<div class=\"wp-block-uagb-container uagb-layout-grid uagb-block-e2664f01\">\n<div class=\"wp-block-uagb-image alignleft uagb-block-400d846b wp-block-uagb-image--layout-default wp-block-uagb-image--effect-static wp-block-uagb-image--align-left\"><figure class=\"wp-block-uagb-image__figure\"><img decoding=\"async\" srcset=\"https:\/\/www.gst-ci.net\/wp-content\/uploads\/2026\/03\/asaf-3-300x132-1.jpg ,https:\/\/www.gst-ci.net\/wp-content\/uploads\/2026\/03\/asaf-3-300x132-1.jpg 780w, https:\/\/www.gst-ci.net\/wp-content\/uploads\/2026\/03\/asaf-3-300x132-1.jpg 360w\" sizes=\"auto, (max-width: 480px) 150px\" src=\"https:\/\/www.gst-ci.net\/wp-content\/uploads\/2026\/03\/asaf-3-300x132-1.jpg\" alt=\"asaf 3 300x132\" class=\"uag-image-263\" width=\"100\" height=\"100\" title=\"asaf 3 300x132\" loading=\"lazy\" role=\"img\"\/><\/figure><\/div>\n\n\n\n<div class=\"wp-block-uagb-advanced-heading uagb-block-8c307fb4\"><p class=\"uagb-heading-text\">Leur efficacit\u00e9 est remarquable. J&rsquo;ai eu un service rapide et professionnel \u00e0 chaque fois.<\/p><p class=\"uagb-desc-text\">Chlo\u00e9 Robert<\/p><\/div>\n<\/div>\n<\/div>\n<\/div>\n<\/div><\/div>\n\n\n\n<div class=\"wp-block-uagb-container uagb-layout-grid uagb-block-29a0aaa8 alignfull uagb-is-root-container\"><div class=\"uagb-container-inner-blocks-wrap\">\n<div class=\"wp-block-uagb-advanced-heading uagb-block-42bca5dd\"><div class=\"uagb-separator\"><\/div><h2 class=\"uagb-heading-text\">Contactez-nous d\u00e8s aujourd&rsquo;hui pour plus d&rsquo;informations<\/h2><\/div>\n\n\n\n<div class=\"wp-block-uagb-info-box uagb-block-620f6d21 uagb-infobox__content-wrap  uagb-infobox-icon-above-title uagb-infobox-image-valign-top\"><div class=\"uagb-ifb-content\"><div class=\"uagb-ifb-title-wrap\"><p class=\"uagb-ifb-title\">Laissez-nous vous aider avec vos besoins en gaz, froid et \u00e9lectricit\u00e9.<\/p><\/div><div class=\"uagb-ifb-button-wrapper wp-block-button\"><a href=\"contact\/\" class=\"uagb-infobox-cta-link wp-block-button__link\" target=\"_self\" rel=\"noopener noreferrer\" onclick=\"return true;\"><span class=\"uagb-inline-editing\">Nous Contacter<\/span><\/a><\/div><\/div><\/div>\n<\/div><\/div>\n","protected":false},"excerpt":{"rendered":"<p>Votre partenaire de choix pour tous vos besoins techniques Gaz Services Techniques Sarl, leader en gestion de r\u00e9seau gaz, offre [&hellip;]<\/p>\n","protected":false},"author":1,"featured_media":0,"parent":0,"menu_order":0,"comment_status":"closed","ping_status":"closed","template":"","meta":{"_uag_custom_page_level_css":"","site-sidebar-layout":"default","site-content-layout":"","ast-site-content-layout":"default","site-content-style":"default","site-sidebar-style":"default","ast-global-header-display":"","ast-banner-title-visibility":"","ast-main-header-display":"","ast-hfb-above-header-display":"","ast-hfb-below-header-display":"","ast-hfb-mobile-header-display":"","site-post-title":"disabled","ast-breadcrumbs-content":"","ast-featured-img":"","footer-sml-layout":"","ast-disable-related-posts":"","theme-transparent-header-meta":"enabled","adv-header-id-meta":"","stick-header-meta":"","header-above-stick-meta":"","header-main-stick-meta":"","header-below-stick-meta":"","astra-migrate-meta-layouts":"default","ast-page-background-enabled":"default","ast-page-background-meta":{"desktop":{"background-color":"var(--ast-global-color-4)","background-image":"","background-repeat":"repeat","background-position":"center center","background-size":"auto","background-attachment":"scroll","background-type":"","background-media":"","overlay-type":"","overlay-color":"","overlay-opacity":"","overlay-gradient":""},"tablet":{"background-color":"","background-image":"","background-repeat":"repeat","background-position":"center center","background-size":"auto","background-attachment":"scroll","background-type":"","background-media":"","overlay-type":"","overlay-color":"","overlay-opacity":"","overlay-gradient":""},"mobile":{"background-color":"","background-image":"","background-repeat":"repeat","background-position":"center center","background-size":"auto","background-attachment":"scroll","background-type":"","background-media":"","overlay-type":"","overlay-color":"","overlay-opacity":"","overlay-gradient":""}},"ast-content-background-meta":{"desktop":{"background-color":"var(--ast-global-color-5)","background-image":"","background-repeat":"repeat","background-position":"center center","background-size":"auto","background-attachment":"scroll","background-type":"","background-media":"","overlay-type":"","overlay-color":"","overlay-opacity":"","overlay-gradient":""},"tablet":{"background-color":"var(--ast-global-color-5)","background-image":"","background-repeat":"repeat","background-position":"center center","background-size":"auto","background-attachment":"scroll","background-type":"","background-media":"","overlay-type":"","overlay-color":"","overlay-opacity":"","overlay-gradient":""},"mobile":{"background-color":"var(--ast-global-color-5)","background-image":"","background-repeat":"repeat","background-position":"center center","background-size":"auto","background-attachment":"scroll","background-type":"","background-media":"","overlay-type":"","overlay-color":"","overlay-opacity":"","overlay-gradient":""}},"footnotes":""},"class_list":["post-205","page","type-page","status-publish","hentry"],"uagb_featured_image_src":{"full":false,"thumbnail":false,"medium":false,"medium_large":false,"large":false,"1536x1536":false,"2048x2048":false},"uagb_author_info":{"display_name":"gu0rgve3h3cl","author_link":"https:\/\/www.gst-ci.net\/?author=1"},"uagb_comment_info":0,"uagb_excerpt":"Votre partenaire de choix pour tous vos besoins techniques Gaz Services Techniques Sarl, leader en gestion de r\u00e9seau gaz, offre [&hellip;]","_links":{"self":[{"href":"https:\/\/www.gst-ci.net\/index.php?rest_route=\/wp\/v2\/pages\/205","targetHints":{"allow":["GET"]}}],"collection":[{"href":"https:\/\/www.gst-ci.net\/index.php?rest_route=\/wp\/v2\/pages"}],"about":[{"href":"https:\/\/www.gst-ci.net\/index.php?rest_route=\/wp\/v2\/types\/page"}],"author":[{"embeddable":true,"href":"https:\/\/www.gst-ci.net\/index.php?rest_route=\/wp\/v2\/users\/1"}],"replies":[{"embeddable":true,"href":"https:\/\/www.gst-ci.net\/index.php?rest_route=%2Fwp%2Fv2%2Fcomments&post=205"}],"version-history":[{"count":5,"href":"https:\/\/www.gst-ci.net\/index.php?rest_route=\/wp\/v2\/pages\/205\/revisions"}],"predecessor-version":[{"id":265,"href":"https:\/\/www.gst-ci.net\/index.php?rest_route=\/wp\/v2\/pages\/205\/revisions\/265"}],"wp:attachment":[{"href":"https:\/\/www.gst-ci.net\/index.php?rest_route=%2Fwp%2Fv2%2Fmedia&parent=205"}],"curies":[{"name":"wp","href":"https:\/\/api.w.org\/{rel}","templated":true}]}}