{"id":206,"date":"2026-03-25T19:26:28","date_gmt":"2026-03-25T19:26:28","guid":{"rendered":"https:\/\/venerated-verreault-4t.zipwp.xyz\/about\/"},"modified":"2026-03-25T19:26:31","modified_gmt":"2026-03-25T19:26:31","slug":"about","status":"publish","type":"page","link":"https:\/\/www.gst-ci.net\/?page_id=206","title":{"rendered":"About"},"content":{"rendered":"\n<div class=\"wp-block-uagb-container uagb-layout-grid uagb-block-52a5e7a5 alignfull uagb-is-root-container\"><div class=\"uagb-container-inner-blocks-wrap\">\n<div class=\"wp-block-uagb-advanced-heading uagb-block-8f9583b5\"><div class=\"uagb-separator\"><\/div><h1 class=\"uagb-heading-text\">D\u00e9couvrez Gaz Services Techniques Sarl<\/h1><\/div>\n\n\n\n<div class=\"wp-block-uagb-advanced-heading uagb-block-0a094371\"><p class=\"uagb-heading-text\">Votre partenaire de confiance pour les solutions GAZ, FROID et \u00c9LECTRICIT\u00c9 en C\u00f4te d&rsquo;Ivoire.<\/p><\/div>\n<\/div><\/div>\n\n\n\n<div class=\"wp-block-uagb-container uagb-block-6d4e3205 alignfull uagb-is-root-container\"><div class=\"uagb-container-inner-blocks-wrap\">\n<div class=\"wp-block-uagb-image uagb-block-41997195 wp-block-uagb-image--layout-default wp-block-uagb-image--effect-static wp-block-uagb-image--align-none uag-blocks-common-selector\" style=\"--z-index-desktop:1;;--z-index-tablet:undefined;;--z-index-mobile:undefined;\"><figure class=\"wp-block-uagb-image__figure\"><img decoding=\"async\" srcset=\"https:\/\/www.gst-ci.net\/wp-content\/uploads\/2026\/03\/pexels-photo-266896.jpeg ,https:\/\/www.gst-ci.net\/wp-content\/uploads\/2024\/06\/about-bg.jpg 780w, https:\/\/www.gst-ci.net\/wp-content\/uploads\/2024\/06\/about-bg.jpg 360w\" sizes=\"auto, (max-width: 480px) 150px\" src=\"https:\/\/www.gst-ci.net\/wp-content\/uploads\/2026\/03\/pexels-photo-266896.jpeg\" alt=\"A detailed view of a blue flame on a gas stove, illustrating heat and warmth.\" class=\"uag-image-7\" width=\"1200\" height=\"400\" title=\"about-bg\" loading=\"lazy\" role=\"img\"\/><\/figure><\/div>\n\n\n\n<div class=\"wp-block-uagb-advanced-heading uagb-block-c1430afc\"><p class=\"uagb-heading-text\">\u00c0 propos de nous<\/p><div class=\"uagb-separator\"><\/div><\/div>\n\n\n\n<div class=\"wp-block-uagb-advanced-heading uagb-block-8206bff7\"><h2 class=\"uagb-heading-text\">Notre expertise au service de vos projets \u00e9nerg\u00e9tiques<\/h2><\/div>\n\n\n\n<div class=\"wp-block-uagb-container uagb-block-872fa012\">\n<div class=\"wp-block-uagb-advanced-heading uagb-block-76d9be4a\"><h3 class=\"uagb-heading-text\">En tant que leader dans le secteur, GST a fourni des installations fiables et s\u00e9curis\u00e9es, garantissant satisfaction et tranquillit\u00e9 d&rsquo;esprit \u00e0 nos clients depuis 2018.<\/h3><\/div>\n\n\n\n<div class=\"wp-block-uagb-advanced-heading uagb-block-e648ce5c\"><p class=\"uagb-heading-text\">Gaz Services Techniques Sarl s&rsquo;engage \u00e0 offrir des solutions innovantes et de haute qualit\u00e9 dans les domaines du gaz, du froid et de l&rsquo;\u00e9lectricit\u00e9. Nos r\u00e9sultats t\u00e9moignent de la confiance de nos clients, qui appr\u00e9cient nos services rapides et efficaces, soutenus par une \u00e9quipe de professionnels engag\u00e9s. Chaque projet r\u00e9alis\u00e9 renforce notre r\u00e9putation d\u2019excellence en C\u00f4te d&rsquo;Ivoire et dans la sous-r\u00e9gion.<\/p><p class=\"uagb-desc-text\">Nous avons aid\u00e9 de nombreuses entreprises industrielles et domestiques \u00e0 optimiser leurs syst\u00e8mes, am\u00e9liorant ainsi leur efficacit\u00e9 \u00e9nerg\u00e9tique et r\u00e9duisant leurs co\u00fbts.<\/p><\/div>\n<\/div>\n\n\n\n<div class=\"wp-block-uagb-image uagb-block-e3600eff wp-block-uagb-image--layout-default wp-block-uagb-image--effect-static wp-block-uagb-image--align-none\"><figure class=\"wp-block-uagb-image__figure\"><img decoding=\"async\" srcset=\"https:\/\/www.gst-ci.net\/wp-content\/uploads\/2026\/03\/pexels-photo-1029635.jpeg ,https:\/\/www.gst-ci.net\/wp-content\/uploads\/2024\/06\/who-we-are.jpg 780w, https:\/\/www.gst-ci.net\/wp-content\/uploads\/2024\/06\/who-we-are.jpg 360w\" sizes=\"auto, (max-width: 480px) 150px\" src=\"https:\/\/www.gst-ci.net\/wp-content\/uploads\/2026\/03\/pexels-photo-1029635.jpeg\" alt=\"Pipes and machinery against an urban building wall with a gritty industrial look.\" class=\"uag-image-8\" width=\"1200\" height=\"450\" title=\"who-we-are\" loading=\"lazy\" role=\"img\"\/><\/figure><\/div>\n\n\n\n<div class=\"wp-block-uagb-advanced-heading uagb-block-257301db\"><p class=\"uagb-heading-text\">Notre histoire<\/p><div class=\"uagb-separator\"><\/div><\/div>\n\n\n\n<div class=\"wp-block-uagb-container uagb-layout-grid uagb-block-d836a3f7\">\n<div class=\"wp-block-uagb-image uagb-block-121b49d0 wp-block-uagb-image--layout-default wp-block-uagb-image--effect-static wp-block-uagb-image--align-none\"><figure class=\"wp-block-uagb-image__figure\"><img decoding=\"async\" srcset=\"https:\/\/www.gst-ci.net\/wp-content\/uploads\/2026\/03\/pexels-photo-6754760.jpeg ,https:\/\/www.gst-ci.net\/wp-content\/uploads\/2026\/03\/pexels-photo-6754760.jpeg 780w, https:\/\/www.gst-ci.net\/wp-content\/uploads\/2026\/03\/pexels-photo-6754760.jpeg 360w\" sizes=\"auto, (max-width: 480px) 150px\" src=\"https:\/\/www.gst-ci.net\/wp-content\/uploads\/2026\/03\/pexels-photo-6754760.jpeg\" alt=\"Aerial shot of a power plant with storage tanks in lush Banten, Indonesia offers an impressive scale.\" class=\"uag-image-9\" width=\"560\" height=\"450\" title=\"our-story\" loading=\"lazy\" role=\"img\"\/><\/figure><\/div>\n\n\n\n<div class=\"wp-block-uagb-advanced-heading uagb-block-c10ed874\"><h3 class=\"uagb-heading-text\">Depuis 2018, un leader dans les technologies du gaz et de l&rsquo;\u00e9lectricit\u00e9<\/h3><p class=\"uagb-desc-text\">Fond\u00e9e en 2018 \u00e0 Abidjan, Gaz Services Techniques Sarl a rapidement \u00e9tabli sa r\u00e9putation comme un acteur cl\u00e9 dans la gestion des r\u00e9seaux de gaz industriel et domestique. Gr\u00e2ce \u00e0 une \u00e9quipe de jeunes techniciens qualifi\u00e9s, nous avons men\u00e9 avec succ\u00e8s de nombreux projets innovants, contribuant \u00e0 l\u2019\u00e9volution des installations en C\u00f4te d&rsquo;Ivoire.<\/p><\/div>\n<\/div>\n<\/div><\/div>\n\n\n\n<div class=\"wp-block-uagb-container uagb-block-08bdc66b alignfull uagb-is-root-container\"><div class=\"uagb-container-inner-blocks-wrap\">\n<div class=\"wp-block-uagb-advanced-heading uagb-block-8a25e220\"><p class=\"uagb-heading-text\">Notre m\u00e9thode de travail<\/p><div class=\"uagb-separator\"><\/div><\/div>\n\n\n\n<div class=\"wp-block-uagb-container uagb-layout-grid uagb-block-5c68a50a\">\n<div class=\"wp-block-uagb-advanced-heading uagb-block-acaeab83\"><h2 class=\"uagb-heading-text\">Notre approche pour des r\u00e9sultats exceptionnels<\/h2><\/div>\n\n\n\n<div class=\"wp-block-uagb-container uagb-block-b5dc4002\">\n<div class=\"wp-block-uagb-info-box uagb-block-5fb96413 uagb-infobox__content-wrap  uagb-infobox-icon-above-title uagb-infobox-image-valign-top\"><div class=\"uagb-ifb-content\"><div class=\"uagb-ifb-title-wrap\"><span class=\"uagb-ifb-title-prefix\">Step-01<\/span><h3 class=\"uagb-ifb-title\">Analyse et planification<\/h3><\/div><p class=\"uagb-ifb-desc\">Nous commen\u00e7ons par une analyse d\u00e9taill\u00e9e de vos besoins sp\u00e9cifiques.<\/p><div class=\"uagb-ifb-separator\"><\/div><\/div><\/div>\n\n\n\n<div class=\"wp-block-uagb-info-box uagb-block-e82c6c50 uagb-infobox__content-wrap  uagb-infobox-icon-above-title uagb-infobox-image-valign-top\"><div class=\"uagb-ifb-content\"><div class=\"uagb-ifb-title-wrap\"><span class=\"uagb-ifb-title-prefix\">Step-02<\/span><h3 class=\"uagb-ifb-title\">Mise en \u0153uvre professionnelle<\/h3><\/div><p class=\"uagb-ifb-desc\">Nos techniciens qualifi\u00e9s r\u00e9alisent les installations selon des normes rigoureuses.<\/p><div class=\"uagb-ifb-separator\"><\/div><\/div><\/div>\n\n\n\n<div class=\"wp-block-uagb-info-box uagb-block-63a457f5 uagb-infobox__content-wrap  uagb-infobox-icon-above-title uagb-infobox-image-valign-top\"><div class=\"uagb-ifb-content\"><div class=\"uagb-ifb-title-wrap\"><span class=\"uagb-ifb-title-prefix\">Step-03<\/span><h3 class=\"uagb-ifb-title\">Suivi et maintenance<\/h3><\/div><p class=\"uagb-ifb-desc\">Nous assurons un suivi r\u00e9gulier pour garantir la performance optimale de vos installations.<\/p><\/div><\/div>\n<\/div>\n<\/div>\n<\/div><\/div>\n\n\n\n<div class=\"wp-block-uagb-container uagb-layout-grid uagb-block-29a0aaa8 alignfull uagb-is-root-container\"><div class=\"uagb-container-inner-blocks-wrap\">\n<div class=\"wp-block-uagb-advanced-heading uagb-block-42bca5dd\"><div class=\"uagb-separator\"><\/div><h2 class=\"uagb-heading-text\">Contactez-nous d\u00e8s aujourd&rsquo;hui pour plus d&rsquo;informations<\/h2><\/div>\n\n\n\n<div class=\"wp-block-uagb-info-box uagb-block-620f6d21 uagb-infobox__content-wrap  uagb-infobox-icon-above-title uagb-infobox-image-valign-top\"><div class=\"uagb-ifb-content\"><div class=\"uagb-ifb-title-wrap\"><p class=\"uagb-ifb-title\">Laissez-nous vous aider avec vos besoins en gaz, froid et \u00e9lectricit\u00e9.<\/p><\/div><div class=\"uagb-ifb-button-wrapper wp-block-button\"><a href=\"contact\/\" class=\"uagb-infobox-cta-link wp-block-button__link\" target=\"_self\" rel=\"noopener noreferrer\" onclick=\"return true;\"><span class=\"uagb-inline-editing\">Nous Contacter<\/span><\/a><\/div><\/div><\/div>\n<\/div><\/div>\n","protected":false},"excerpt":{"rendered":"<p>D\u00e9couvrez Gaz Services Techniques Sarl Votre partenaire de confiance pour les solutions GAZ, FROID et \u00c9LECTRICIT\u00c9 en C\u00f4te d&rsquo;Ivoire. \u00c0 [&hellip;]<\/p>\n","protected":false},"author":1,"featured_media":0,"parent":0,"menu_order":0,"comment_status":"closed","ping_status":"closed","template":"","meta":{"_uag_custom_page_level_css":"","site-sidebar-layout":"default","site-content-layout":"","ast-site-content-layout":"default","site-content-style":"default","site-sidebar-style":"default","ast-global-header-display":"","ast-banner-title-visibility":"","ast-main-header-display":"","ast-hfb-above-header-display":"","ast-hfb-below-header-display":"","ast-hfb-mobile-header-display":"","site-post-title":"disabled","ast-breadcrumbs-content":"","ast-featured-img":"","footer-sml-layout":"","ast-disable-related-posts":"","theme-transparent-header-meta":"enabled","adv-header-id-meta":"","stick-header-meta":"","header-above-stick-meta":"","header-main-stick-meta":"","header-below-stick-meta":"","astra-migrate-meta-layouts":"default","ast-page-background-enabled":"default","ast-page-background-meta":{"desktop":{"background-color":"var(--ast-global-color-4)","background-image":"","background-repeat":"repeat","background-position":"center center","background-size":"auto","background-attachment":"scroll","background-type":"","background-media":"","overlay-type":"","overlay-color":"","overlay-opacity":"","overlay-gradient":""},"tablet":{"background-color":"","background-image":"","background-repeat":"repeat","background-position":"center center","background-size":"auto","background-attachment":"scroll","background-type":"","background-media":"","overlay-type":"","overlay-color":"","overlay-opacity":"","overlay-gradient":""},"mobile":{"background-color":"","background-image":"","background-repeat":"repeat","background-position":"center center","background-size":"auto","background-attachment":"scroll","background-type":"","background-media":"","overlay-type":"","overlay-color":"","overlay-opacity":"","overlay-gradient":""}},"ast-content-background-meta":{"desktop":{"background-color":"var(--ast-global-color-5)","background-image":"","background-repeat":"repeat","background-position":"center center","background-size":"auto","background-attachment":"scroll","background-type":"","background-media":"","overlay-type":"","overlay-color":"","overlay-opacity":"","overlay-gradient":""},"tablet":{"background-color":"var(--ast-global-color-5)","background-image":"","background-repeat":"repeat","background-position":"center center","background-size":"auto","background-attachment":"scroll","background-type":"","background-media":"","overlay-type":"","overlay-color":"","overlay-opacity":"","overlay-gradient":""},"mobile":{"background-color":"var(--ast-global-color-5)","background-image":"","background-repeat":"repeat","background-position":"center center","background-size":"auto","background-attachment":"scroll","background-type":"","background-media":"","overlay-type":"","overlay-color":"","overlay-opacity":"","overlay-gradient":""}},"footnotes":""},"class_list":["post-206","page","type-page","status-publish","hentry"],"uagb_featured_image_src":{"full":false,"thumbnail":false,"medium":false,"medium_large":false,"large":false,"1536x1536":false,"2048x2048":false},"uagb_author_info":{"display_name":"gu0rgve3h3cl","author_link":"https:\/\/www.gst-ci.net\/?author=1"},"uagb_comment_info":0,"uagb_excerpt":"D\u00e9couvrez Gaz Services Techniques Sarl Votre partenaire de confiance pour les solutions GAZ, FROID et \u00c9LECTRICIT\u00c9 en C\u00f4te d&rsquo;Ivoire. \u00c0 [&hellip;]","_links":{"self":[{"href":"https:\/\/www.gst-ci.net\/index.php?rest_route=\/wp\/v2\/pages\/206","targetHints":{"allow":["GET"]}}],"collection":[{"href":"https:\/\/www.gst-ci.net\/index.php?rest_route=\/wp\/v2\/pages"}],"about":[{"href":"https:\/\/www.gst-ci.net\/index.php?rest_route=\/wp\/v2\/types\/page"}],"author":[{"embeddable":true,"href":"https:\/\/www.gst-ci.net\/index.php?rest_route=\/wp\/v2\/users\/1"}],"replies":[{"embeddable":true,"href":"https:\/\/www.gst-ci.net\/index.php?rest_route=%2Fwp%2Fv2%2Fcomments&post=206"}],"version-history":[{"count":3,"href":"https:\/\/www.gst-ci.net\/index.php?rest_route=\/wp\/v2\/pages\/206\/revisions"}],"predecessor-version":[{"id":252,"href":"https:\/\/www.gst-ci.net\/index.php?rest_route=\/wp\/v2\/pages\/206\/revisions\/252"}],"wp:attachment":[{"href":"https:\/\/www.gst-ci.net\/index.php?rest_route=%2Fwp%2Fv2%2Fmedia&parent=206"}],"curies":[{"name":"wp","href":"https:\/\/api.w.org\/{rel}","templated":true}]}}