{"id":207,"date":"2026-03-25T19:26:28","date_gmt":"2026-03-25T19:26:28","guid":{"rendered":"https:\/\/venerated-verreault-4t.zipwp.xyz\/services\/"},"modified":"2026-03-25T19:26:31","modified_gmt":"2026-03-25T19:26:31","slug":"services","status":"publish","type":"page","link":"https:\/\/www.gst-ci.net\/?page_id=207","title":{"rendered":"Services"},"content":{"rendered":"\n<div class=\"wp-block-uagb-container uagb-layout-grid uagb-block-52a5e7a5 alignfull uagb-is-root-container\"><div class=\"uagb-container-inner-blocks-wrap\">\n<div class=\"wp-block-uagb-advanced-heading uagb-block-8f9583b5\"><div class=\"uagb-separator\"><\/div><h1 class=\"uagb-heading-text\">Services de Gaz, Froid et \u00c9lectricit\u00e9<\/h1><\/div>\n\n\n\n<div class=\"wp-block-uagb-advanced-heading uagb-block-0a094371\"><p class=\"uagb-heading-text\">D\u00e9couvrez nos solutions techniques pour la gestion de gaz, froid et \u00e9lectricit\u00e9, adapt\u00e9es \u00e0 vos besoins industriels et domestiques.<\/p><\/div>\n<\/div><\/div>\n\n\n\n<div class=\"wp-block-uagb-container uagb-block-6d4e3205 alignfull uagb-is-root-container\"><div class=\"uagb-container-inner-blocks-wrap\">\n<div class=\"wp-block-uagb-image uagb-block-41997195 wp-block-uagb-image--layout-default wp-block-uagb-image--effect-static wp-block-uagb-image--align-none uag-hide-mob uag-blocks-common-selector\" style=\"--z-index-desktop:1;;--z-index-tablet:undefined;;--z-index-mobile:undefined;\"><figure class=\"wp-block-uagb-image__figure\"><img decoding=\"async\" srcset=\"https:\/\/www.gst-ci.net\/wp-content\/uploads\/2026\/03\/pexels-photo-4063198.jpg ,https:\/\/www.gst-ci.net\/wp-content\/uploads\/2024\/06\/services-bg.jpg 780w, https:\/\/www.gst-ci.net\/wp-content\/uploads\/2024\/06\/services-bg.jpg 360w\" sizes=\"auto, (max-width: 480px) 150px\" src=\"https:\/\/www.gst-ci.net\/wp-content\/uploads\/2026\/03\/pexels-photo-4063198.jpg\" alt=\"A dark, atmospheric image capturing the blue flames of gas stove burners indoors.\" class=\"uag-image-12\" width=\"1200\" height=\"400\" title=\"services-bg\" loading=\"lazy\" role=\"img\"\/><\/figure><\/div>\n\n\n\n<div class=\"wp-block-uagb-container uagb-layout-grid uagb-block-f87c5a33\">\n<div class=\"wp-block-uagb-image uagb-block-d5cf57dc wp-block-uagb-image--layout-default wp-block-uagb-image--effect-static wp-block-uagb-image--align-none\"><figure class=\"wp-block-uagb-image__figure\"><img decoding=\"async\" srcset=\"https:\/\/www.gst-ci.net\/wp-content\/uploads\/2026\/03\/pexels-photo-4543001.jpeg ,https:\/\/www.gst-ci.net\/wp-content\/uploads\/2026\/03\/pexels-photo-4543001.jpeg 780w, https:\/\/www.gst-ci.net\/wp-content\/uploads\/2026\/03\/pexels-photo-4543001.jpeg 360w\" sizes=\"auto, (max-width: 480px) 150px\" src=\"https:\/\/www.gst-ci.net\/wp-content\/uploads\/2026\/03\/pexels-photo-4543001.jpeg\" alt=\"A chef expertly handles frying pans over open flames in a bustling kitchen setting.\" class=\"uag-image-13\" width=\"420\" height=\"450\" title=\"services-01\" loading=\"lazy\" role=\"img\"\/><\/figure><\/div>\n\n\n\n<div class=\"wp-block-uagb-info-box uagb-block-e13864df uagb-infobox__content-wrap  uagb-infobox-icon-above-title uagb-infobox-image-valign-top\"><div class=\"uagb-ifb-content\"><div class=\"uagb-ifb-title-wrap\"><span class=\"uagb-ifb-title-prefix\">01<\/span><h2 class=\"uagb-ifb-title\">Gaz Industriel<\/h2><\/div><p class=\"uagb-ifb-desc\">GST Sarl propose des services sp\u00e9cialis\u00e9s dans le domaine du gaz industriel, assurant des installations s\u00e9curis\u00e9es et conformes aux normes. Notre \u00e9quipe d&rsquo;experts prend en charge l&rsquo;ensemble du processus, de l&rsquo;\u00e9tude initiale \u00e0 l&rsquo;installation finale. Nous garantissons une gestion efficace et durable de vos r\u00e9seaux de gaz, tout en maximisant la s\u00e9curit\u00e9 et la performance de vos installations industrielles.<\/p><\/div><\/div>\n<\/div>\n\n\n\n<div class=\"wp-block-uagb-container uagb-layout-grid uagb-block-482412be\">\n<div class=\"wp-block-uagb-info-box uagb-block-438eb260 uagb-infobox__content-wrap  uagb-infobox-icon-above-title uagb-infobox-image-valign-top\"><div class=\"uagb-ifb-content\"><div class=\"uagb-ifb-title-wrap\"><span class=\"uagb-ifb-title-prefix\">02<\/span><h2 class=\"uagb-ifb-title\">Gaz Domestique<\/h2><\/div><p class=\"uagb-ifb-desc\">Nous sommes leaders en C\u00f4te d&rsquo;Ivoire dans la gestion des r\u00e9seaux de gaz domestiques. GST Sarl se sp\u00e9cialise dans l&rsquo;installation et l&rsquo;entretien des syst\u00e8mes de gaz pour les foyers. Notre objectif est d&rsquo;assurer la s\u00e9curit\u00e9 et le confort de nos clients gr\u00e2ce \u00e0 des solutions adapt\u00e9es et \u00e0 un suivi rigoureux. Nous offrons un service fluide, de la conception \u00e0 l&rsquo;installation, garantissant que votre maison b\u00e9n\u00e9ficie d&rsquo;un approvisionnement en gaz fiable et efficace.<\/p><\/div><\/div>\n\n\n\n<div class=\"wp-block-uagb-image uagb-block-9593fe77 wp-block-uagb-image--layout-default wp-block-uagb-image--effect-static wp-block-uagb-image--align-none\"><figure class=\"wp-block-uagb-image__figure\"><img decoding=\"async\" srcset=\"https:\/\/www.gst-ci.net\/wp-content\/uploads\/2026\/03\/pexels-photo-195029.jpeg ,https:\/\/www.gst-ci.net\/wp-content\/uploads\/2026\/03\/pexels-photo-195029.jpeg 780w, https:\/\/www.gst-ci.net\/wp-content\/uploads\/2026\/03\/pexels-photo-195029.jpeg 360w\" sizes=\"auto, (max-width: 480px) 150px\" src=\"https:\/\/www.gst-ci.net\/wp-content\/uploads\/2026\/03\/pexels-photo-195029.jpeg\" alt=\"Blurred image of a blue gas stove flame, highlighting heat and energy.\" class=\"uag-image-14\" width=\"420\" height=\"450\" title=\"services-02\" loading=\"lazy\" role=\"img\"\/><\/figure><\/div>\n<\/div>\n\n\n\n<div class=\"wp-block-uagb-container uagb-layout-grid uagb-block-bcade5ff\">\n<div class=\"wp-block-uagb-image uagb-block-3cb92e8a wp-block-uagb-image--layout-default wp-block-uagb-image--effect-static wp-block-uagb-image--align-none\"><figure class=\"wp-block-uagb-image__figure\"><img decoding=\"async\" srcset=\"https:\/\/www.gst-ci.net\/wp-content\/uploads\/2026\/03\/pexels-photo-327041.jpeg ,https:\/\/www.gst-ci.net\/wp-content\/uploads\/2026\/03\/pexels-photo-327041.jpeg 780w, https:\/\/www.gst-ci.net\/wp-content\/uploads\/2026\/03\/pexels-photo-327041.jpeg 360w\" sizes=\"auto, (max-width: 480px) 150px\" src=\"https:\/\/www.gst-ci.net\/wp-content\/uploads\/2026\/03\/pexels-photo-327041.jpeg\" alt=\"Dramatic night photo of gas flare on industrial facility emitting a powerful flame.\" class=\"uag-image-15\" width=\"420\" height=\"450\" title=\"services-03\" loading=\"lazy\" role=\"img\"\/><\/figure><\/div>\n\n\n\n<div class=\"wp-block-uagb-info-box uagb-block-3d8f6cce uagb-infobox__content-wrap  uagb-infobox-icon-above-title uagb-infobox-image-valign-top\"><div class=\"uagb-ifb-content\"><div class=\"uagb-ifb-title-wrap\"><span class=\"uagb-ifb-title-prefix\">03<\/span><h2 class=\"uagb-ifb-title\">Froid&amp; \u00c9lectricit\u00e9<\/h2><\/div><p class=\"uagb-ifb-desc\">Depuis sa cr\u00e9ation, GST Sarl met \u00e0 disposition son expertise dans les domaines du froid commercial et industriel ainsi que de l&rsquo;\u00e9lectricit\u00e9. Nous nous engageons \u00e0 fournir des solutions innovantes qui r\u00e9pondent aux besoins sp\u00e9cifiques de chaque client. De l&rsquo;installation des \u00e9quipements de froid jusqu&rsquo;\u00e0 la gestion des syst\u00e8mes \u00e9lectriques, notre \u00e9quipe technique assure un service complet et de qualit\u00e9, permettant ainsi d&rsquo;optimiser les performances \u00e9nerg\u00e9tiques de votre \u00e9tablissement.<\/p><\/div><\/div>\n<\/div>\n\n\n\n<div class=\"wp-block-uagb-container uagb-layout-grid uagb-block-66b30793\">\n<div class=\"wp-block-uagb-info-box uagb-block-fda47be5 uagb-infobox__content-wrap  uagb-infobox-icon-above-title uagb-infobox-image-valign-top\"><div class=\"uagb-ifb-content\"><div class=\"uagb-ifb-title-wrap\"><span class=\"uagb-ifb-title-prefix\">04<\/span><h2 class=\"uagb-ifb-title\">Chaudronnerie<\/h2><\/div><p class=\"uagb-ifb-desc\">La chaudronnerie est un domaine cl\u00e9 pour GST Sarl, englobant toutes les activit\u00e9s de mise en \u0153uvre des m\u00e9taux en feuilles, tubes et profil\u00e9s. Nous r\u00e9alisons des structures robustes et adapt\u00e9es aux exigences sp\u00e9cifiques de chaque projet. Notre \u00e9quipe d&rsquo;experts veille \u00e0 chaque d\u00e9tail, garantissant ainsi une finition de haute qualit\u00e9 et la conformit\u00e9 aux normes en vigueur. Les services de chaudronnerie de GST Sarl garantissent durabilit\u00e9 et performance pour vos installations industrielles.<\/p><\/div><\/div>\n\n\n\n<div class=\"wp-block-uagb-image uagb-block-15026c62 wp-block-uagb-image--layout-default wp-block-uagb-image--effect-static wp-block-uagb-image--align-none\"><figure class=\"wp-block-uagb-image__figure\"><img decoding=\"async\" srcset=\"https:\/\/www.gst-ci.net\/wp-content\/uploads\/2026\/03\/pexels-photo-6767963.jpeg ,https:\/\/www.gst-ci.net\/wp-content\/uploads\/2026\/03\/pexels-photo-6767963.jpeg 780w, https:\/\/www.gst-ci.net\/wp-content\/uploads\/2026\/03\/pexels-photo-6767963.jpeg 360w\" sizes=\"auto, (max-width: 480px) 150px\" src=\"https:\/\/www.gst-ci.net\/wp-content\/uploads\/2026\/03\/pexels-photo-6767963.jpeg\" alt=\"Aerial view of large industrial storage tanks in Banten, Indonesia, showcasing infrastructure and industry.\" class=\"uag-image-16\" width=\"420\" height=\"450\" title=\"services-04\" loading=\"lazy\" role=\"img\"\/><\/figure><\/div>\n<\/div>\n<\/div><\/div>\n\n\n\n<div class=\"wp-block-uagb-container uagb-layout-grid uagb-block-29a0aaa8 alignfull uagb-is-root-container\"><div class=\"uagb-container-inner-blocks-wrap\">\n<div class=\"wp-block-uagb-advanced-heading uagb-block-42bca5dd\"><div class=\"uagb-separator\"><\/div><h2 class=\"uagb-heading-text\">Contactez-nous d\u00e8s aujourd&rsquo;hui pour plus d&rsquo;informations<\/h2><\/div>\n\n\n\n<div class=\"wp-block-uagb-info-box uagb-block-620f6d21 uagb-infobox__content-wrap  uagb-infobox-icon-above-title uagb-infobox-image-valign-top\"><div class=\"uagb-ifb-content\"><div class=\"uagb-ifb-title-wrap\"><p class=\"uagb-ifb-title\">Laissez-nous vous aider avec vos besoins en gaz, froid et \u00e9lectricit\u00e9.<\/p><\/div><div class=\"uagb-ifb-button-wrapper wp-block-button\"><a href=\"contact\/\" class=\"uagb-infobox-cta-link wp-block-button__link\" target=\"_self\" rel=\"noopener noreferrer\" onclick=\"return true;\"><span class=\"uagb-inline-editing\">Nous Contacter<\/span><\/a><\/div><\/div><\/div>\n<\/div><\/div>\n","protected":false},"excerpt":{"rendered":"<p>Services de Gaz, Froid et \u00c9lectricit\u00e9 D\u00e9couvrez nos solutions techniques pour la gestion de gaz, froid et \u00e9lectricit\u00e9, adapt\u00e9es \u00e0 [&hellip;]<\/p>\n","protected":false},"author":1,"featured_media":0,"parent":0,"menu_order":0,"comment_status":"closed","ping_status":"closed","template":"","meta":{"_uag_custom_page_level_css":"","site-sidebar-layout":"default","site-content-layout":"","ast-site-content-layout":"default","site-content-style":"default","site-sidebar-style":"default","ast-global-header-display":"","ast-banner-title-visibility":"","ast-main-header-display":"","ast-hfb-above-header-display":"","ast-hfb-below-header-display":"","ast-hfb-mobile-header-display":"","site-post-title":"disabled","ast-breadcrumbs-content":"","ast-featured-img":"","footer-sml-layout":"","ast-disable-related-posts":"","theme-transparent-header-meta":"enabled","adv-header-id-meta":"","stick-header-meta":"","header-above-stick-meta":"","header-main-stick-meta":"","header-below-stick-meta":"","astra-migrate-meta-layouts":"default","ast-page-background-enabled":"default","ast-page-background-meta":{"desktop":{"background-color":"var(--ast-global-color-4)","background-image":"","background-repeat":"repeat","background-position":"center center","background-size":"auto","background-attachment":"scroll","background-type":"","background-media":"","overlay-type":"","overlay-color":"","overlay-opacity":"","overlay-gradient":""},"tablet":{"background-color":"","background-image":"","background-repeat":"repeat","background-position":"center center","background-size":"auto","background-attachment":"scroll","background-type":"","background-media":"","overlay-type":"","overlay-color":"","overlay-opacity":"","overlay-gradient":""},"mobile":{"background-color":"","background-image":"","background-repeat":"repeat","background-position":"center center","background-size":"auto","background-attachment":"scroll","background-type":"","background-media":"","overlay-type":"","overlay-color":"","overlay-opacity":"","overlay-gradient":""}},"ast-content-background-meta":{"desktop":{"background-color":"var(--ast-global-color-5)","background-image":"","background-repeat":"repeat","background-position":"center center","background-size":"auto","background-attachment":"scroll","background-type":"","background-media":"","overlay-type":"","overlay-color":"","overlay-opacity":"","overlay-gradient":""},"tablet":{"background-color":"var(--ast-global-color-5)","background-image":"","background-repeat":"repeat","background-position":"center center","background-size":"auto","background-attachment":"scroll","background-type":"","background-media":"","overlay-type":"","overlay-color":"","overlay-opacity":"","overlay-gradient":""},"mobile":{"background-color":"var(--ast-global-color-5)","background-image":"","background-repeat":"repeat","background-position":"center center","background-size":"auto","background-attachment":"scroll","background-type":"","background-media":"","overlay-type":"","overlay-color":"","overlay-opacity":"","overlay-gradient":""}},"footnotes":""},"class_list":["post-207","page","type-page","status-publish","hentry"],"uagb_featured_image_src":{"full":false,"thumbnail":false,"medium":false,"medium_large":false,"large":false,"1536x1536":false,"2048x2048":false},"uagb_author_info":{"display_name":"gu0rgve3h3cl","author_link":"https:\/\/www.gst-ci.net\/?author=1"},"uagb_comment_info":0,"uagb_excerpt":"Services de Gaz, Froid et \u00c9lectricit\u00e9 D\u00e9couvrez nos solutions techniques pour la gestion de gaz, froid et \u00e9lectricit\u00e9, adapt\u00e9es \u00e0 [&hellip;]","_links":{"self":[{"href":"https:\/\/www.gst-ci.net\/index.php?rest_route=\/wp\/v2\/pages\/207","targetHints":{"allow":["GET"]}}],"collection":[{"href":"https:\/\/www.gst-ci.net\/index.php?rest_route=\/wp\/v2\/pages"}],"about":[{"href":"https:\/\/www.gst-ci.net\/index.php?rest_route=\/wp\/v2\/types\/page"}],"author":[{"embeddable":true,"href":"https:\/\/www.gst-ci.net\/index.php?rest_route=\/wp\/v2\/users\/1"}],"replies":[{"embeddable":true,"href":"https:\/\/www.gst-ci.net\/index.php?rest_route=%2Fwp%2Fv2%2Fcomments&post=207"}],"version-history":[{"count":3,"href":"https:\/\/www.gst-ci.net\/index.php?rest_route=\/wp\/v2\/pages\/207\/revisions"}],"predecessor-version":[{"id":251,"href":"https:\/\/www.gst-ci.net\/index.php?rest_route=\/wp\/v2\/pages\/207\/revisions\/251"}],"wp:attachment":[{"href":"https:\/\/www.gst-ci.net\/index.php?rest_route=%2Fwp%2Fv2%2Fmedia&parent=207"}],"curies":[{"name":"wp","href":"https:\/\/api.w.org\/{rel}","templated":true}]}}